{"id":3127,"date":"2025-06-29T08:55:17","date_gmt":"2025-06-29T08:55:17","guid":{"rendered":"https:\/\/giethoornrecreatie.nl\/giethoorn-erholung\/"},"modified":"2025-06-30T19:36:51","modified_gmt":"2025-06-30T19:36:51","slug":"giethoorn-erholung","status":"publish","type":"page","link":"https:\/\/oldgiethoorn.nl\/de\/giethoorn-erholung\/","title":{"rendered":"Giethoorn Erholung"},"content":{"rendered":"<div class=\"row\"  id=\"row-2071091919\">\n\n\t<div id=\"col-450558168\" class=\"col small-12 large-12\"  >\n\t\t\t\t<div class=\"col-inner\"  >\n\t\t\t\n\t\t\t\n<h1 data-start=\"271\" data-end=\"351\"><strong data-start=\"276\" data-end=\"351\">Boot- und Fahrradverleih in Giethoorn<\/strong><\/h1>\n<h1 data-start=\"271\" data-end=\"351\"><strong data-start=\"276\" data-end=\"351\">  Entdecken Sie das Venedig des Nordens<\/strong><\/h1>\n<p data-start=\"353\" data-end=\"536\"><strong data-start=\"353\" data-end=\"534\">Erleben Sie Giethoorn von seiner sch\u00f6nsten Seite: Mieten Sie ein Elektroboot oder ein Fahrrad bei Giethoorn Recreation und genie\u00dfen Sie die sch\u00f6ne Natur, die stimmungsvollen Kan\u00e4le und die gem\u00fctlichen reetgedeckten Bauernh\u00e4user.<\/strong><\/p>\n<p data-start=\"538\" data-end=\"697\">Ob Sie einen Tagesausflug mit der Familie, Freunden oder Ihrem Partner planen, bei uns k\u00f6nnen Sie ganz einfach das perfekte Boot oder Fahrrad mieten, um Giethoorn auf Ihre Weise zu entdecken.<\/p>\n<h2 data-start=\"704\" data-end=\"737\"><strong data-start=\"710\" data-end=\"737\">Boot mieten in Giethoorn<\/strong><\/h2>\n<p data-start=\"739\" data-end=\"947\">M\u00f6chten Sie Giethoorn wirklich erleben? Dann mieten Sie ein Fl\u00fcsterboot und schippern Sie lautlos \u00fcber die malerischen Wasserwege.<br data-start=\"850\" data-end=\"853\">Bei Giethoorn Recreation k\u00f6nnen Sie aus einer Vielzahl von Booten w\u00e4hlen, vom kleinen Fl\u00fcsterboot bis zur ger\u00e4umigen Schaluppe. <\/p>\n<ul data-start=\"949\" data-end=\"1158\">\n<li data-start=\"949\" data-end=\"997\">\n<p data-start=\"951\" data-end=\"997\"><strong data-start=\"951\" data-end=\"971\">Elektrisches Bootfahren<\/strong>: umweltfreundlich &amp; leise<\/p>\n<\/li>\n<li data-start=\"998\" data-end=\"1058\">\n<p data-start=\"1000\" data-end=\"1058\"><strong data-start=\"1000\" data-end=\"1024\">Inklusive Routenkarte<\/strong> zu den sch\u00f6nsten Kan\u00e4len und Seen<\/p>\n<\/li>\n<li data-start=\"1059\" data-end=\"1101\">\n<p data-start=\"1061\" data-end=\"1101\"><strong data-start=\"1061\" data-end=\"1089\">Buchen Sie direkt online<\/strong>, ganz ohne Aufwand<\/p>\n<\/li>\n<li data-start=\"1102\" data-end=\"1158\">\n<p data-start=\"1104\" data-end=\"1158\">Sicher und einfach zu fahren, auch ohne Bootsf\u00fchrerschein<\/p>\n<\/li>\n<\/ul>\n<p data-start=\"1160\" data-end=\"1244\"><strong data-start=\"1163\" data-end=\"1209\"><a class=\"\" href=\"#reserveren\" rel=\"noopener\" data-start=\"1165\" data-end=\"1207\">Buchen Sie Ihr Fl\u00fcsterboot<\/a><\/strong> und genie\u00dfen Sie das Wasser sorglos.<\/p>\n<hr data-start=\"1246\" data-end=\"1249\">\n<h2 data-start=\"1251\" data-end=\"1285\"><strong data-start=\"1257\" data-end=\"1285\">Fahrradverleih in Giethoorn<\/strong><\/h2>\n<p data-start=\"1287\" data-end=\"1459\">Giethoorn liegt inmitten des Nationalparks Weerribben-Wieden und ist der Ausgangspunkt f\u00fcr sch\u00f6ne Fahrradrouten.<br data-start=\"1390\" data-end=\"1393\">Entdecken Sie ruhige Landstra\u00dfen, malerische D\u00f6rfer und gr\u00fcne Natur.<\/p>\n<ul data-start=\"1461\" data-end=\"1626\">\n<li data-start=\"1461\" data-end=\"1517\">\n<p data-start=\"1463\" data-end=\"1517\">Standardfahrr\u00e4der, Kinderfahrr\u00e4der und E-Bikes verf\u00fcgbar<\/p>\n<\/li>\n<li data-start=\"1518\" data-end=\"1564\">\n<p data-start=\"1520\" data-end=\"1564\">Routenkarten mit den besten Haltestellen<\/p>\n<\/li>\n<li data-start=\"1565\" data-end=\"1626\">\n<p data-start=\"1567\" data-end=\"1626\">Kombinieren Sie Boot und Fahrradverleih f\u00fcr einen kompletten Tagesausflug<\/p>\n<\/li>\n<\/ul>\n<p data-start=\"1628\" data-end=\"1687\"><strong data-start=\"1631\" data-end=\"1672\"><a class=\"\" href=\"#reserveren\" rel=\"noopener\" data-start=\"1633\" data-end=\"1670\">Mieten Sie jetzt Ihr Fahrrad<\/a><\/strong> und fahren Sie los.<\/p>\n<hr data-start=\"1689\" data-end=\"1692\">\n<h2 data-start=\"1694\" data-end=\"1742\"><strong data-start=\"1699\" data-end=\"1742\">Warum Giethoorn Recreation w\u00e4hlen?<\/strong><\/h2>\n<ul data-start=\"1744\" data-end=\"1943\">\n<li data-start=\"1744\" data-end=\"1795\">\n<p data-start=\"1746\" data-end=\"1795\"><strong data-start=\"1746\" data-end=\"1771\">Lokales Familienunternehmen<\/strong> mit langj\u00e4hriger Erfahrung<\/p>\n<\/li>\n<li data-start=\"1796\" data-end=\"1852\">\n<p data-start=\"1798\" data-end=\"1852\">Direkt am Wasser, reichlich Parkpl\u00e4tze<\/p>\n<\/li>\n<li data-start=\"1853\" data-end=\"1896\">\n<p data-start=\"1855\" data-end=\"1896\">Freundliches Personal mit Insidertipps<\/p>\n<\/li>\n<li data-start=\"1897\" data-end=\"1943\">\n<p data-start=\"1899\" data-end=\"1943\">Hohe Kundenbewertungen auf Google &amp; Tripadvisor<\/p>\n<\/li>\n<\/ul>\n\t\t<\/div>\n\t\t\t\t\t<\/div>\n\n\t\n<\/div>\n","protected":false},"excerpt":{"rendered":"","protected":false},"author":1,"featured_media":0,"parent":0,"menu_order":0,"comment_status":"closed","ping_status":"closed","template":"page-blank.php","meta":{"footnotes":""},"class_list":["post-3127","page","type-page","status-publish","hentry"],"yoast_head":"<!-- This site is optimized with the Yoast SEO plugin v27.2 - https:\/\/yoast.com\/product\/yoast-seo-wordpress\/ -->\n<title>Giethoorn Erholung | Giethoorn Noord | Giethoorn Midden | Oud Giethoorn | Boot huren | Fiets huren | Eten &amp; Drinken | Restaurant | Hotel |<\/title>\n<meta name=\"description\" content=\"Mieten Sie ein Boot oder ein Fahrrad bei Giethoorn Recreation. Entdecken Sie Giethoorn auf Ihre Art. Erschwinglich, lokal und direkt online buchbar.\" \/>\n<meta name=\"robots\" content=\"index, follow, max-snippet:-1, max-image-preview:large, max-video-preview:-1\" \/>\n<link rel=\"canonical\" href=\"https:\/\/oldgiethoorn.nl\/de\/giethoorn-erholung\/\" \/>\n<meta property=\"og:locale\" content=\"de_DE\" \/>\n<meta property=\"og:type\" content=\"article\" \/>\n<meta property=\"og:title\" content=\"Giethoorn Erholung | Giethoorn Noord | Giethoorn Midden | Oud Giethoorn | Boot huren | Fiets huren | Eten &amp; Drinken | Restaurant | Hotel |\" \/>\n<meta property=\"og:description\" content=\"Mieten Sie ein Boot oder ein Fahrrad bei Giethoorn Recreation. Entdecken Sie Giethoorn auf Ihre Art. Erschwinglich, lokal und direkt online buchbar.\" \/>\n<meta property=\"og:url\" content=\"https:\/\/oldgiethoorn.nl\/de\/giethoorn-erholung\/\" \/>\n<meta property=\"og:site_name\" content=\"Giethoorn Noord | Giethoorn Midden | Oud Giethoorn | Boot huren | Fiets huren | Eten &amp; Drinken | Restaurant | Hotel |\" \/>\n<meta property=\"article:modified_time\" content=\"2025-06-30T19:36:51+00:00\" \/>\n<meta name=\"twitter:card\" content=\"summary_large_image\" \/>\n<meta name=\"twitter:label1\" content=\"Gesch\u00e4tzte Lesezeit\" \/>\n\t<meta name=\"twitter:data1\" content=\"1\u00a0Minute\" \/>\n<script type=\"application\/ld+json\" class=\"yoast-schema-graph\">{\"@context\":\"https:\/\/schema.org\",\"@graph\":[{\"@type\":\"WebPage\",\"@id\":\"https:\/\/oldgiethoorn.nl\/de\/giethoorn-erholung\/\",\"url\":\"https:\/\/oldgiethoorn.nl\/de\/giethoorn-erholung\/\",\"name\":\"Giethoorn Erholung | Giethoorn Noord | Giethoorn Midden | Oud Giethoorn | Boot huren | Fiets huren | Eten &amp; Drinken | Restaurant | Hotel |\",\"isPartOf\":{\"@id\":\"https:\/\/oldgiethoorn.nl\/de\/#website\"},\"datePublished\":\"2025-06-29T08:55:17+00:00\",\"dateModified\":\"2025-06-30T19:36:51+00:00\",\"description\":\"Mieten Sie ein Boot oder ein Fahrrad bei Giethoorn Recreation. Entdecken Sie Giethoorn auf Ihre Art. Erschwinglich, lokal und direkt online buchbar.\",\"breadcrumb\":{\"@id\":\"https:\/\/oldgiethoorn.nl\/de\/giethoorn-erholung\/#breadcrumb\"},\"inLanguage\":\"de\",\"potentialAction\":[{\"@type\":\"ReadAction\",\"target\":[\"https:\/\/oldgiethoorn.nl\/de\/giethoorn-erholung\/\"]}]},{\"@type\":\"BreadcrumbList\",\"@id\":\"https:\/\/oldgiethoorn.nl\/de\/giethoorn-erholung\/#breadcrumb\",\"itemListElement\":[{\"@type\":\"ListItem\",\"position\":1,\"name\":\"Home\",\"item\":\"https:\/\/oldgiethoorn.nl\/de\/\"},{\"@type\":\"ListItem\",\"position\":2,\"name\":\"Giethoorn Erholung\"}]},{\"@type\":\"WebSite\",\"@id\":\"https:\/\/oldgiethoorn.nl\/de\/#website\",\"url\":\"https:\/\/oldgiethoorn.nl\/de\/\",\"name\":\"Giethoorn Noord | Giethoorn Midden | Oud Giethoorn | Boot huren | Fiets huren | Eten &amp; Drinken | Restaurant | Hotel |\",\"description\":\"\",\"potentialAction\":[{\"@type\":\"SearchAction\",\"target\":{\"@type\":\"EntryPoint\",\"urlTemplate\":\"https:\/\/oldgiethoorn.nl\/de\/?s={search_term_string}\"},\"query-input\":{\"@type\":\"PropertyValueSpecification\",\"valueRequired\":true,\"valueName\":\"search_term_string\"}}],\"inLanguage\":\"de\"}]}<\/script>\n<!-- \/ Yoast SEO plugin. -->","yoast_head_json":{"title":"Giethoorn Erholung | Giethoorn Noord | Giethoorn Midden | Oud Giethoorn | Boot huren | Fiets huren | Eten &amp; Drinken | Restaurant | Hotel |","description":"Mieten Sie ein Boot oder ein Fahrrad bei Giethoorn Recreation. Entdecken Sie Giethoorn auf Ihre Art. Erschwinglich, lokal und direkt online buchbar.","robots":{"index":"index","follow":"follow","max-snippet":"max-snippet:-1","max-image-preview":"max-image-preview:large","max-video-preview":"max-video-preview:-1"},"canonical":"https:\/\/oldgiethoorn.nl\/de\/giethoorn-erholung\/","og_locale":"de_DE","og_type":"article","og_title":"Giethoorn Erholung | Giethoorn Noord | Giethoorn Midden | Oud Giethoorn | Boot huren | Fiets huren | Eten &amp; Drinken | Restaurant | Hotel |","og_description":"Mieten Sie ein Boot oder ein Fahrrad bei Giethoorn Recreation. Entdecken Sie Giethoorn auf Ihre Art. Erschwinglich, lokal und direkt online buchbar.","og_url":"https:\/\/oldgiethoorn.nl\/de\/giethoorn-erholung\/","og_site_name":"Giethoorn Noord | Giethoorn Midden | Oud Giethoorn | Boot huren | Fiets huren | Eten &amp; Drinken | Restaurant | Hotel |","article_modified_time":"2025-06-30T19:36:51+00:00","twitter_card":"summary_large_image","twitter_misc":{"Gesch\u00e4tzte Lesezeit":"1\u00a0Minute"},"schema":{"@context":"https:\/\/schema.org","@graph":[{"@type":"WebPage","@id":"https:\/\/oldgiethoorn.nl\/de\/giethoorn-erholung\/","url":"https:\/\/oldgiethoorn.nl\/de\/giethoorn-erholung\/","name":"Giethoorn Erholung | Giethoorn Noord | Giethoorn Midden | Oud Giethoorn | Boot huren | Fiets huren | Eten &amp; Drinken | Restaurant | Hotel |","isPartOf":{"@id":"https:\/\/oldgiethoorn.nl\/de\/#website"},"datePublished":"2025-06-29T08:55:17+00:00","dateModified":"2025-06-30T19:36:51+00:00","description":"Mieten Sie ein Boot oder ein Fahrrad bei Giethoorn Recreation. Entdecken Sie Giethoorn auf Ihre Art. Erschwinglich, lokal und direkt online buchbar.","breadcrumb":{"@id":"https:\/\/oldgiethoorn.nl\/de\/giethoorn-erholung\/#breadcrumb"},"inLanguage":"de","potentialAction":[{"@type":"ReadAction","target":["https:\/\/oldgiethoorn.nl\/de\/giethoorn-erholung\/"]}]},{"@type":"BreadcrumbList","@id":"https:\/\/oldgiethoorn.nl\/de\/giethoorn-erholung\/#breadcrumb","itemListElement":[{"@type":"ListItem","position":1,"name":"Home","item":"https:\/\/oldgiethoorn.nl\/de\/"},{"@type":"ListItem","position":2,"name":"Giethoorn Erholung"}]},{"@type":"WebSite","@id":"https:\/\/oldgiethoorn.nl\/de\/#website","url":"https:\/\/oldgiethoorn.nl\/de\/","name":"Giethoorn Noord | Giethoorn Midden | Oud Giethoorn | Boot huren | Fiets huren | Eten &amp; Drinken | Restaurant | Hotel |","description":"","potentialAction":[{"@type":"SearchAction","target":{"@type":"EntryPoint","urlTemplate":"https:\/\/oldgiethoorn.nl\/de\/?s={search_term_string}"},"query-input":{"@type":"PropertyValueSpecification","valueRequired":true,"valueName":"search_term_string"}}],"inLanguage":"de"}]}},"_links":{"self":[{"href":"https:\/\/oldgiethoorn.nl\/de\/wp-json\/wp\/v2\/pages\/3127","targetHints":{"allow":["GET"]}}],"collection":[{"href":"https:\/\/oldgiethoorn.nl\/de\/wp-json\/wp\/v2\/pages"}],"about":[{"href":"https:\/\/oldgiethoorn.nl\/de\/wp-json\/wp\/v2\/types\/page"}],"author":[{"embeddable":true,"href":"https:\/\/oldgiethoorn.nl\/de\/wp-json\/wp\/v2\/users\/1"}],"replies":[{"embeddable":true,"href":"https:\/\/oldgiethoorn.nl\/de\/wp-json\/wp\/v2\/comments?post=3127"}],"version-history":[{"count":2,"href":"https:\/\/oldgiethoorn.nl\/de\/wp-json\/wp\/v2\/pages\/3127\/revisions"}],"predecessor-version":[{"id":3129,"href":"https:\/\/oldgiethoorn.nl\/de\/wp-json\/wp\/v2\/pages\/3127\/revisions\/3129"}],"wp:attachment":[{"href":"https:\/\/oldgiethoorn.nl\/de\/wp-json\/wp\/v2\/media?parent=3127"}],"curies":[{"name":"wp","href":"https:\/\/api.w.org\/{rel}","templated":true}]}}